{"id":11,"date":"2016-11-06T14:35:53","date_gmt":"2016-11-06T14:35:53","guid":{"rendered":"http:\/\/avconsult-web.de\/?page_id=11"},"modified":"2023-02-01T17:10:32","modified_gmt":"2023-02-01T17:10:32","slug":"wir-ueber-uns","status":"publish","type":"page","link":"https:\/\/avconsult-web.de\/?page_id=11","title":{"rendered":"Wir \u00fcber uns"},"content":{"rendered":"<p>&#8222;AV consult&#8220; ist ein Planungsb\u00fcro f\u00fcr Audio\/Video- und ELA-Technik, gegr\u00fcndet von Boris Balin im Jahr 1998.<\/p>\n<p>\u00dcberblick \u00fcber meinen beruflichen Hintergrund :<\/p>\n<p>Tonmeisterdiplom an der HdK\/UdK Berlin , T\u00e4tigkeit in verschiedenen Studios und Theatern, Produktmanager bei Fa. Studer (CH) , Gesch\u00e4ftsf\u00fchrer bei Fa. Lawo (D).<\/p>\n<p>Seit 1998 freiberuflich t\u00e4tig und Gr\u00fcndung des Planungsb\u00fcros.<\/p>\n<p>Die Schwerpunkte der T\u00e4tigkeit liegen im Bereich Theater\/Oper, Mehrzweckhallen, Tonstudios etc.<\/p>\n<p>&#8222;AV consult&#8220; wickelt Projekte ab von der Grundlagenermittlung \u00fcber Entwurfs- und Ausf\u00fchrungsplanung, Erstellung von Ausschreibungen, Vergabe, Bau\u00fcberwachung\/Projektleitung bis hin zur Einweisung und Schulung der Anwender.<\/p>\n<p>Weitere T\u00e4tigkeitsfelder sind detaillierte technische Pr\u00fcfungen von Audio- und Videoanlagen, Einmessung von Beschallungsanlagen, Programmierung von Signalprozessoren und Erstellung von Gutachten.<\/p>\n<p>Grundlegende Ziele der Arbeit von AV consult sind :<\/p>\n<ul>\n<li>Optimale L\u00f6sungen f\u00fcr den professionellen Anwender finden in Bezug auf:\n<ul>\n<li>Funktionalit\u00e4t und Signalqualit\u00e4t<\/li>\n<li>Praxistauglichkeit und Ergonomie<\/li>\n<li>Zuverl\u00e4ssigkeit und Flexibilit\u00e4t<\/li>\n<\/ul>\n<\/li>\n<li>Einhaltung der vereinbarten Kosten- und Terminziele<\/li>\n<li>Einsatz von moderner und zukunftsorientierter Technik<\/li>\n<li>Umfassende und neutrale Beratung<\/li>\n<\/ul>\n<p>Weitere T\u00e4tigkeiten :<\/p>\n<ul>\n<li>Professor an der Beuth Hochschule f\u00fcr Technik Berlin im Bereich Theater- und Veranstaltungstechnik, dort Schwerpunkt im Bereich Medientechnik, Mediensteuerung, Audio- und Videotechnik, Kommunikationstechnik (2004 bis 2019)<\/li>\n<li>Dozent f\u00fcr Studiotechnik an der UdK Berlin im Bereich Tonmeisterausbildung (2008 bis 2022)<\/li>\n<\/ul>\n","protected":false},"excerpt":{"rendered":"<p>&#8222;AV consult&#8220; ist ein Planungsb\u00fcro f\u00fcr Audio\/Video- und ELA-Technik, gegr\u00fcndet von Boris Balin im Jahr 1998. \u00dcberblick \u00fcber meinen beruflichen Hintergrund : Tonmeisterdiplom an der HdK\/UdK Berlin , T\u00e4tigkeit in verschiedenen Studios und Theatern, Produktmanager bei Fa. Studer (CH) , Gesch\u00e4ftsf\u00fchrer bei Fa. Lawo (D). Seit 1998 freiberuflich t\u00e4tig und Gr\u00fcndung des Planungsb\u00fcros. Die Schwerpunkte &hellip; <a href=\"https:\/\/avconsult-web.de\/?page_id=11\" class=\"more-link\"><span class=\"screen-reader-text\">Wir \u00fcber uns<\/span> weiterlesen<\/a><\/p>\n","protected":false},"author":1,"featured_media":0,"parent":0,"menu_order":0,"comment_status":"closed","ping_status":"closed","template":"","meta":[],"_links":{"self":[{"href":"https:\/\/avconsult-web.de\/index.php?rest_route=\/wp\/v2\/pages\/11"}],"collection":[{"href":"https:\/\/avconsult-web.de\/index.php?rest_route=\/wp\/v2\/pages"}],"about":[{"href":"https:\/\/avconsult-web.de\/index.php?rest_route=\/wp\/v2\/types\/page"}],"author":[{"embeddable":true,"href":"https:\/\/avconsult-web.de\/index.php?rest_route=\/wp\/v2\/users\/1"}],"replies":[{"embeddable":true,"href":"https:\/\/avconsult-web.de\/index.php?rest_route=%2Fwp%2Fv2%2Fcomments&post=11"}],"version-history":[{"count":4,"href":"https:\/\/avconsult-web.de\/index.php?rest_route=\/wp\/v2\/pages\/11\/revisions"}],"predecessor-version":[{"id":180,"href":"https:\/\/avconsult-web.de\/index.php?rest_route=\/wp\/v2\/pages\/11\/revisions\/180"}],"wp:attachment":[{"href":"https:\/\/avconsult-web.de\/index.php?rest_route=%2Fwp%2Fv2%2Fmedia&parent=11"}],"curies":[{"name":"wp","href":"https:\/\/api.w.org\/{rel}","templated":true}]}}