{"id":114,"date":"2016-11-06T18:29:40","date_gmt":"2016-11-06T18:29:40","guid":{"rendered":"http:\/\/avconsult-web.de\/?page_id=114"},"modified":"2016-11-06T18:52:49","modified_gmt":"2016-11-06T18:52:49","slug":"suhr-zentrum-baerenmatte","status":"publish","type":"page","link":"https:\/\/avconsult-web.de\/?page_id=114","title":{"rendered":"Suhr, Zentrum B\u00e4renmatte"},"content":{"rendered":"<p><img decoding=\"async\" loading=\"lazy\" class=\" wp-image-115\" src=\"http:\/\/avconsult-web.de\/wp-content\/uploads\/2016\/11\/R0013372-300x225.jpg\" alt=\"Exif_JPEG_PICTURE\" width=\"447\" height=\"335\" srcset=\"https:\/\/avconsult-web.de\/wp-content\/uploads\/2016\/11\/R0013372-300x225.jpg 300w, https:\/\/avconsult-web.de\/wp-content\/uploads\/2016\/11\/R0013372-768x576.jpg 768w, https:\/\/avconsult-web.de\/wp-content\/uploads\/2016\/11\/R0013372-1024x768.jpg 1024w\" sizes=\"(max-width: 447px) 100vw, 447px\" \/><\/p>\n<p>Suhr, Zentrum B\u00e4renmatte<\/p>\n<p>Das Zentrum B\u00e4renmatte ist ein Veranstaltungskomplex mit R\u00e4umlichkeiten f\u00fcr bis zu 1000 Besucher.<\/p>\n<p>Nach \u00fcber 20-j\u00e4hriger Betriebszeit wurde die Audio\/Videoanlage in einem mehrj\u00e4hrigen Prozess grundlegend modernisiert. 2010 wurde ein digitales Audioverteilsystem mit digitalem Mischpult installiert, um damit die Signalqualit\u00e4t deutlich zu verbessern. Damit konnten auch St\u00f6reinwirkungen aus der Beleuchtungsanlage eliminiert werden. In einem zweiten Schritt wurden 2012 die Audio\/Video-Infrastruktur und die Beschallung erneuert.<\/p>\n<p>Leistungsphasen: Planung, Ausschreibung, Vergabe und Bau\u00fcberwachung.<\/p>\n","protected":false},"excerpt":{"rendered":"<p>Suhr, Zentrum B\u00e4renmatte Das Zentrum B\u00e4renmatte ist ein Veranstaltungskomplex mit R\u00e4umlichkeiten f\u00fcr bis zu 1000 Besucher. Nach \u00fcber 20-j\u00e4hriger Betriebszeit wurde die Audio\/Videoanlage in einem mehrj\u00e4hrigen Prozess grundlegend modernisiert. 2010 wurde ein digitales Audioverteilsystem mit digitalem Mischpult installiert, um damit die Signalqualit\u00e4t deutlich zu verbessern. Damit konnten auch St\u00f6reinwirkungen aus der Beleuchtungsanlage eliminiert werden. In &hellip; <a href=\"https:\/\/avconsult-web.de\/?page_id=114\" class=\"more-link\"><span class=\"screen-reader-text\">Suhr, Zentrum B\u00e4renmatte<\/span> weiterlesen<\/a><\/p>\n","protected":false},"author":1,"featured_media":0,"parent":0,"menu_order":0,"comment_status":"closed","ping_status":"closed","template":"","meta":[],"_links":{"self":[{"href":"https:\/\/avconsult-web.de\/index.php?rest_route=\/wp\/v2\/pages\/114"}],"collection":[{"href":"https:\/\/avconsult-web.de\/index.php?rest_route=\/wp\/v2\/pages"}],"about":[{"href":"https:\/\/avconsult-web.de\/index.php?rest_route=\/wp\/v2\/types\/page"}],"author":[{"embeddable":true,"href":"https:\/\/avconsult-web.de\/index.php?rest_route=\/wp\/v2\/users\/1"}],"replies":[{"embeddable":true,"href":"https:\/\/avconsult-web.de\/index.php?rest_route=%2Fwp%2Fv2%2Fcomments&post=114"}],"version-history":[{"count":3,"href":"https:\/\/avconsult-web.de\/index.php?rest_route=\/wp\/v2\/pages\/114\/revisions"}],"predecessor-version":[{"id":130,"href":"https:\/\/avconsult-web.de\/index.php?rest_route=\/wp\/v2\/pages\/114\/revisions\/130"}],"wp:attachment":[{"href":"https:\/\/avconsult-web.de\/index.php?rest_route=%2Fwp%2Fv2%2Fmedia&parent=114"}],"curies":[{"name":"wp","href":"https:\/\/api.w.org\/{rel}","templated":true}]}}