{"id":136,"date":"2016-11-06T19:17:46","date_gmt":"2016-11-06T19:17:46","guid":{"rendered":"http:\/\/avconsult-web.de\/?page_id=136"},"modified":"2016-11-06T19:17:46","modified_gmt":"2016-11-06T19:17:46","slug":"konzerttheaterbern-generalsanierung","status":"publish","type":"page","link":"https:\/\/avconsult-web.de\/?page_id=136","title":{"rendered":"KonzertTheaterBern &#8211; Generalsanierung"},"content":{"rendered":"<p><img decoding=\"async\" loading=\"lazy\" class=\"alignnone  wp-image-32\" src=\"http:\/\/avconsult-web.de\/wp-content\/uploads\/2016\/11\/bern_aussen1-300x207.jpg\" alt=\"bern_aussen1\" width=\"504\" height=\"348\" srcset=\"https:\/\/avconsult-web.de\/wp-content\/uploads\/2016\/11\/bern_aussen1-300x207.jpg 300w, https:\/\/avconsult-web.de\/wp-content\/uploads\/2016\/11\/bern_aussen1.jpg 369w\" sizes=\"(max-width: 504px) 100vw, 504px\" \/><\/p>\n<p>Das KonzertTheaterBern (ehem. Stadttheater) ist in den Jahren 2015 und 2016 umfassend saniert worden.<\/p>\n<p>AV consult hat im Auftrag des Generalplaners f\u00fcr die B\u00fchnentechnik die Fachplanung f\u00fcr die Bereiche Audio\/Video und Beschallungsanlage \u00fcbernommen. Besondere Herausforderungen ergaben sich durch die Anforderungen des Denkmalschutzes und die Ber\u00fccksichtigung verschiedenster Veranstaltungsformen im Haus.<\/p>\n<p>Leistungsphasen: Planung, Ausschreibung, Vergabe<\/p>\n","protected":false},"excerpt":{"rendered":"<p>Das KonzertTheaterBern (ehem. Stadttheater) ist in den Jahren 2015 und 2016 umfassend saniert worden. AV consult hat im Auftrag des Generalplaners f\u00fcr die B\u00fchnentechnik die Fachplanung f\u00fcr die Bereiche Audio\/Video und Beschallungsanlage \u00fcbernommen. Besondere Herausforderungen ergaben sich durch die Anforderungen des Denkmalschutzes und die Ber\u00fccksichtigung verschiedenster Veranstaltungsformen im Haus. Leistungsphasen: Planung, Ausschreibung, Vergabe<\/p>\n","protected":false},"author":1,"featured_media":0,"parent":0,"menu_order":0,"comment_status":"closed","ping_status":"closed","template":"","meta":[],"_links":{"self":[{"href":"https:\/\/avconsult-web.de\/index.php?rest_route=\/wp\/v2\/pages\/136"}],"collection":[{"href":"https:\/\/avconsult-web.de\/index.php?rest_route=\/wp\/v2\/pages"}],"about":[{"href":"https:\/\/avconsult-web.de\/index.php?rest_route=\/wp\/v2\/types\/page"}],"author":[{"embeddable":true,"href":"https:\/\/avconsult-web.de\/index.php?rest_route=\/wp\/v2\/users\/1"}],"replies":[{"embeddable":true,"href":"https:\/\/avconsult-web.de\/index.php?rest_route=%2Fwp%2Fv2%2Fcomments&post=136"}],"version-history":[{"count":1,"href":"https:\/\/avconsult-web.de\/index.php?rest_route=\/wp\/v2\/pages\/136\/revisions"}],"predecessor-version":[{"id":137,"href":"https:\/\/avconsult-web.de\/index.php?rest_route=\/wp\/v2\/pages\/136\/revisions\/137"}],"wp:attachment":[{"href":"https:\/\/avconsult-web.de\/index.php?rest_route=%2Fwp%2Fv2%2Fmedia&parent=136"}],"curies":[{"name":"wp","href":"https:\/\/api.w.org\/{rel}","templated":true}]}}