{"id":170,"date":"2020-03-11T11:14:37","date_gmt":"2020-03-11T11:14:37","guid":{"rendered":"http:\/\/avconsult-web.de\/?page_id=170"},"modified":"2020-03-11T11:14:37","modified_gmt":"2020-03-11T11:14:37","slug":"zuerich-schauspielhaus-inspizientenanlage","status":"publish","type":"page","link":"https:\/\/avconsult-web.de\/?page_id=170","title":{"rendered":"Z\u00fcrich \u2013 Schauspielhaus Inspizientenanlage"},"content":{"rendered":"\n<p>Schauspielhaus Z\u00fcrich &#8211; Erneuerung Inspizientenanlage<\/p>\n\n\n\n<figure class=\"wp-block-image size-large is-resized\"><img decoding=\"async\" loading=\"lazy\" src=\"http:\/\/avconsult-web.de\/wp-content\/uploads\/2020\/03\/Z\u00fcrich-SHZ-Pfauen.jpg\" alt=\"\" class=\"wp-image-171\" width=\"598\" height=\"312\" srcset=\"https:\/\/avconsult-web.de\/wp-content\/uploads\/2020\/03\/Z\u00fcrich-SHZ-Pfauen.jpg 479w, https:\/\/avconsult-web.de\/wp-content\/uploads\/2020\/03\/Z\u00fcrich-SHZ-Pfauen-300x157.jpg 300w\" sizes=\"(max-width: 598px) 100vw, 598px\" \/><\/figure>\n\n\n\n<p>Das Schauspielhaus Z\u00fcrich hat im Jahr 2019 die Inspizientenanlagen in den Spielst\u00e4tten Pfauen und Schiffbau erneuert.<\/p>\n\n\n\n<p>AV consult ist mit der Vorplanung beauftragt worden (2015\/16). In der Ausschreibungs- und Realisierungsphase (2018\/19) hat AV consult das Schauspielhaus direkt beraten und somit den Nutzer von zeitaufwendigen und technisch anspruchsvollen Pr\u00fcf- und Kl\u00e4rungst\u00e4tigikeiten entlastet.<\/p>\n\n\n\n<p>In diesem Projekt war eine IP-basierte Rufanlage gefordert. AV consult hat Marktrecherchen durchgef\u00fchrt, Funktionstests durchgef\u00fchrt, Bewertungskrieterien entwickelt und geeignete Netzwerkwstrukturen definiert.<\/p>\n\n\n\n<p>Neben der Pr\u00fcfung und Kommentierung der Ausschreibungsunterlagen hat AV consult Input geliefert f\u00fcr die funktionale Systembeschreibung, die ein wichtiger Teil der Ausschreibung war.<\/p>\n","protected":false},"excerpt":{"rendered":"<p>Schauspielhaus Z\u00fcrich &#8211; Erneuerung Inspizientenanlage Das Schauspielhaus Z\u00fcrich hat im Jahr 2019 die Inspizientenanlagen in den Spielst\u00e4tten Pfauen und Schiffbau erneuert. AV consult ist mit der Vorplanung beauftragt worden (2015\/16). In der Ausschreibungs- und Realisierungsphase (2018\/19) hat AV consult das Schauspielhaus direkt beraten und somit den Nutzer von zeitaufwendigen und technisch anspruchsvollen Pr\u00fcf- und Kl\u00e4rungst\u00e4tigikeiten &hellip; <a href=\"https:\/\/avconsult-web.de\/?page_id=170\" class=\"more-link\"><span class=\"screen-reader-text\">Z\u00fcrich \u2013 Schauspielhaus Inspizientenanlage<\/span> weiterlesen<\/a><\/p>\n","protected":false},"author":1,"featured_media":0,"parent":0,"menu_order":0,"comment_status":"closed","ping_status":"closed","template":"","meta":[],"_links":{"self":[{"href":"https:\/\/avconsult-web.de\/index.php?rest_route=\/wp\/v2\/pages\/170"}],"collection":[{"href":"https:\/\/avconsult-web.de\/index.php?rest_route=\/wp\/v2\/pages"}],"about":[{"href":"https:\/\/avconsult-web.de\/index.php?rest_route=\/wp\/v2\/types\/page"}],"author":[{"embeddable":true,"href":"https:\/\/avconsult-web.de\/index.php?rest_route=\/wp\/v2\/users\/1"}],"replies":[{"embeddable":true,"href":"https:\/\/avconsult-web.de\/index.php?rest_route=%2Fwp%2Fv2%2Fcomments&post=170"}],"version-history":[{"count":1,"href":"https:\/\/avconsult-web.de\/index.php?rest_route=\/wp\/v2\/pages\/170\/revisions"}],"predecessor-version":[{"id":172,"href":"https:\/\/avconsult-web.de\/index.php?rest_route=\/wp\/v2\/pages\/170\/revisions\/172"}],"wp:attachment":[{"href":"https:\/\/avconsult-web.de\/index.php?rest_route=%2Fwp%2Fv2%2Fmedia&parent=170"}],"curies":[{"name":"wp","href":"https:\/\/api.w.org\/{rel}","templated":true}]}}