{"id":173,"date":"2020-03-11T11:14:19","date_gmt":"2020-03-11T11:14:19","guid":{"rendered":"http:\/\/avconsult-web.de\/?page_id=173"},"modified":"2020-03-11T11:14:19","modified_gmt":"2020-03-11T11:14:19","slug":"konzerttheater-bern-theatercafe-vierte-wand","status":"publish","type":"page","link":"https:\/\/avconsult-web.de\/?page_id=173","title":{"rendered":"KonzertTheater Bern \u2013 Theatercaf\u00e9 &#8222;Vierte Wand&#8220;"},"content":{"rendered":"\n<figure class=\"wp-block-image size-large\"><img decoding=\"async\" loading=\"lazy\" width=\"1024\" height=\"768\" src=\"http:\/\/avconsult-web.de\/wp-content\/uploads\/2020\/03\/Bern-KTB-Theatercafe-1024x768.jpg\" alt=\"\" class=\"wp-image-174\" srcset=\"https:\/\/avconsult-web.de\/wp-content\/uploads\/2020\/03\/Bern-KTB-Theatercafe-1024x768.jpg 1024w, https:\/\/avconsult-web.de\/wp-content\/uploads\/2020\/03\/Bern-KTB-Theatercafe-300x225.jpg 300w, https:\/\/avconsult-web.de\/wp-content\/uploads\/2020\/03\/Bern-KTB-Theatercafe-768x576.jpg 768w, https:\/\/avconsult-web.de\/wp-content\/uploads\/2020\/03\/Bern-KTB-Theatercafe-1536x1152.jpg 1536w, https:\/\/avconsult-web.de\/wp-content\/uploads\/2020\/03\/Bern-KTB-Theatercafe-2048x1536.jpg 2048w\" sizes=\"(max-width: 1024px) 100vw, 1024px\" \/><\/figure>\n\n\n\n<p>Das KonzertTheater Bern hat 2018 den Restaurantbereich f\u00fcr K\u00fcnstler und Mitarbeiter neu strukturiert und in Form eines \u00f6ffentlich zug\u00e4nglichen &#8222;Theatercaf\u00e9s&#8220; neu er\u00f6ffnet.<\/p>\n\n\n\n<p>AV consult hat die Planung, Ausschreibung und Bauleitung f\u00fcr die medientechnische Einrichtung bearbeitet.<\/p>\n\n\n\n<p>Im Theatercaf\u00e9 kommt ein vernetztes Audiosystem auf Basis eines programmierbaren Audioprozessors zum Einsatz. Damit werden Zuspielung, Ruf- und Mith\u00f6rsignale auf verschiedene Zonen des Caf\u00e9s verteilt. Neben der Planung hat AV consult auch die Programmierung und Inbetriebnahme dieses Systems betreut.<\/p>\n\n\n\n<p>Im Videobereich kamen HDMI-Kreuzschienen und HDBT-Signalverteilung zum Einsatz.<\/p>\n\n\n\n<p>Die Anlage ist so geplant, dass bei gr\u00f6sseren Veranstaltungen Live-Mixer eingesetzt werden k\u00f6nnen, die direkt in das Dante-Netzwerk des Caf\u00e9s eingebunden werden.<\/p>\n","protected":false},"excerpt":{"rendered":"<p>Das KonzertTheater Bern hat 2018 den Restaurantbereich f\u00fcr K\u00fcnstler und Mitarbeiter neu strukturiert und in Form eines \u00f6ffentlich zug\u00e4nglichen &#8222;Theatercaf\u00e9s&#8220; neu er\u00f6ffnet. AV consult hat die Planung, Ausschreibung und Bauleitung f\u00fcr die medientechnische Einrichtung bearbeitet. Im Theatercaf\u00e9 kommt ein vernetztes Audiosystem auf Basis eines programmierbaren Audioprozessors zum Einsatz. Damit werden Zuspielung, Ruf- und Mith\u00f6rsignale auf &hellip; <a href=\"https:\/\/avconsult-web.de\/?page_id=173\" class=\"more-link\"><span class=\"screen-reader-text\">KonzertTheater Bern \u2013 Theatercaf\u00e9 &#8222;Vierte Wand&#8220;<\/span> weiterlesen<\/a><\/p>\n","protected":false},"author":1,"featured_media":0,"parent":0,"menu_order":0,"comment_status":"closed","ping_status":"closed","template":"","meta":[],"_links":{"self":[{"href":"https:\/\/avconsult-web.de\/index.php?rest_route=\/wp\/v2\/pages\/173"}],"collection":[{"href":"https:\/\/avconsult-web.de\/index.php?rest_route=\/wp\/v2\/pages"}],"about":[{"href":"https:\/\/avconsult-web.de\/index.php?rest_route=\/wp\/v2\/types\/page"}],"author":[{"embeddable":true,"href":"https:\/\/avconsult-web.de\/index.php?rest_route=\/wp\/v2\/users\/1"}],"replies":[{"embeddable":true,"href":"https:\/\/avconsult-web.de\/index.php?rest_route=%2Fwp%2Fv2%2Fcomments&post=173"}],"version-history":[{"count":1,"href":"https:\/\/avconsult-web.de\/index.php?rest_route=\/wp\/v2\/pages\/173\/revisions"}],"predecessor-version":[{"id":175,"href":"https:\/\/avconsult-web.de\/index.php?rest_route=\/wp\/v2\/pages\/173\/revisions\/175"}],"wp:attachment":[{"href":"https:\/\/avconsult-web.de\/index.php?rest_route=%2Fwp%2Fv2%2Fmedia&parent=173"}],"curies":[{"name":"wp","href":"https:\/\/api.w.org\/{rel}","templated":true}]}}