{"id":52,"date":"2016-11-06T17:07:38","date_gmt":"2016-11-06T17:07:38","guid":{"rendered":"http:\/\/avconsult-web.de\/?page_id=52"},"modified":"2016-11-06T20:42:53","modified_gmt":"2016-11-06T20:42:53","slug":"staatstheater-mainz-grosses-haus","status":"publish","type":"page","link":"https:\/\/avconsult-web.de\/?page_id=52","title":{"rendered":"Staatstheater Mainz Grosses Haus"},"content":{"rendered":"<p><img decoding=\"async\" loading=\"lazy\" class=\"alignnone wp-image-53\" src=\"http:\/\/avconsult-web.de\/wp-content\/uploads\/2016\/11\/Mainz_gh_aussen1-300x225.jpg\" alt=\"mainz_gh_aussen1\" width=\"441\" height=\"331\" srcset=\"https:\/\/avconsult-web.de\/wp-content\/uploads\/2016\/11\/Mainz_gh_aussen1-300x225.jpg 300w, https:\/\/avconsult-web.de\/wp-content\/uploads\/2016\/11\/Mainz_gh_aussen1.jpg 340w\" sizes=\"(max-width: 441px) 100vw, 441px\" \/><\/p>\n<p>Staatstheater Mainz Grosses Haus, ELA- und Inspizientenanlage<\/p>\n<p>Das Grosse Haus wurde in den Jahren 1998 bis 2001 komplett saniert. Die neue ELA-Anlage ist sehr gro\u00dfz\u00fcgig geplant und basiert auf einem digitalen Verteilsystem mit zahlreichen Basisger\u00e4ten. Die Beschallungsanlage basiert durchgehend auf ferngesteuerten Controller-Verst\u00e4rkern (d&amp;b). Das digitale Mischpult in der Einspielregie bietet auch die M\u00f6glichkeit, ein Saalpult anzuschlie\u00dfen. Die Audio-Anbindung an das Kleine Haus erfolgt \u00fcber glasfaserbasierte MADI-Verbindungen. Die neue Ruf\/Mith\u00f6ranlage ist rechnergesteuert und erlaubt die flexible Zuordnung aller R\u00e4ume zu verschiedenen Rufkreisen.<\/p>\n<p>Leistungsphasen: M+W-Planung, Bau\u00fcberwachung<\/p>\n","protected":false},"excerpt":{"rendered":"<p>Staatstheater Mainz Grosses Haus, ELA- und Inspizientenanlage Das Grosse Haus wurde in den Jahren 1998 bis 2001 komplett saniert. Die neue ELA-Anlage ist sehr gro\u00dfz\u00fcgig geplant und basiert auf einem digitalen Verteilsystem mit zahlreichen Basisger\u00e4ten. Die Beschallungsanlage basiert durchgehend auf ferngesteuerten Controller-Verst\u00e4rkern (d&amp;b). Das digitale Mischpult in der Einspielregie bietet auch die M\u00f6glichkeit, ein Saalpult &hellip; <a href=\"https:\/\/avconsult-web.de\/?page_id=52\" class=\"more-link\"><span class=\"screen-reader-text\">Staatstheater Mainz Grosses Haus<\/span> weiterlesen<\/a><\/p>\n","protected":false},"author":1,"featured_media":0,"parent":0,"menu_order":0,"comment_status":"closed","ping_status":"closed","template":"","meta":[],"_links":{"self":[{"href":"https:\/\/avconsult-web.de\/index.php?rest_route=\/wp\/v2\/pages\/52"}],"collection":[{"href":"https:\/\/avconsult-web.de\/index.php?rest_route=\/wp\/v2\/pages"}],"about":[{"href":"https:\/\/avconsult-web.de\/index.php?rest_route=\/wp\/v2\/types\/page"}],"author":[{"embeddable":true,"href":"https:\/\/avconsult-web.de\/index.php?rest_route=\/wp\/v2\/users\/1"}],"replies":[{"embeddable":true,"href":"https:\/\/avconsult-web.de\/index.php?rest_route=%2Fwp%2Fv2%2Fcomments&post=52"}],"version-history":[{"count":2,"href":"https:\/\/avconsult-web.de\/index.php?rest_route=\/wp\/v2\/pages\/52\/revisions"}],"predecessor-version":[{"id":161,"href":"https:\/\/avconsult-web.de\/index.php?rest_route=\/wp\/v2\/pages\/52\/revisions\/161"}],"wp:attachment":[{"href":"https:\/\/avconsult-web.de\/index.php?rest_route=%2Fwp%2Fv2%2Fmedia&parent=52"}],"curies":[{"name":"wp","href":"https:\/\/api.w.org\/{rel}","templated":true}]}}