{"id":57,"date":"2016-11-06T17:10:35","date_gmt":"2016-11-06T17:10:35","guid":{"rendered":"http:\/\/avconsult-web.de\/?page_id=57"},"modified":"2016-11-06T20:41:59","modified_gmt":"2016-11-06T20:41:59","slug":"staatstheater-wiesbaden-grosses-haus","status":"publish","type":"page","link":"https:\/\/avconsult-web.de\/?page_id=57","title":{"rendered":"Staatstheater Wiesbaden Gro\u00dfes Haus"},"content":{"rendered":"<p><img decoding=\"async\" loading=\"lazy\" class=\"alignnone wp-image-58\" src=\"http:\/\/avconsult-web.de\/wp-content\/uploads\/2016\/11\/Wiesbaden-GH-Regie-300x225.jpg\" alt=\"wiesbaden-gh-regie\" width=\"495\" height=\"371\" srcset=\"https:\/\/avconsult-web.de\/wp-content\/uploads\/2016\/11\/Wiesbaden-GH-Regie-300x225.jpg 300w, https:\/\/avconsult-web.de\/wp-content\/uploads\/2016\/11\/Wiesbaden-GH-Regie-768x576.jpg 768w, https:\/\/avconsult-web.de\/wp-content\/uploads\/2016\/11\/Wiesbaden-GH-Regie-1024x768.jpg 1024w, https:\/\/avconsult-web.de\/wp-content\/uploads\/2016\/11\/Wiesbaden-GH-Regie.jpg 2048w\" sizes=\"(max-width: 495px) 100vw, 495px\" \/><\/p>\n<p>Staatstheater Wiesbaden Grosses Haus, Erneuerung Tonregie<\/p>\n<p>Die Tonregie und die Verst\u00e4rkerzentrale wurde im Jahr 2001 grundlegend erneuert. Ein digitales Verteilsystem mit integriertem Mischpult und Saalpult bietet sehr flexible Anwendungsm\u00f6glichkeiten. Das Abh\u00f6rsystem in der Regie ist f\u00fcr Surroundmischungen (5.1) ausgelegt. Die neu installierten Leistungsverst\u00e4rker f\u00fcr die Beschallung sind ferngesteuert und werden \u00fcber DSP-Module (EQ, Delay, Limiter) des Verteilsystems angesteuert. Neben einer Drahtlos-Mikrophonanlage ist auch ein drahtloses B\u00fchnenmonitoring (In-Ear) mit 8 Kan\u00e4len vorhanden.<\/p>\n<p>Leistungsphasen: M+W-Planung, Bau\u00fcberwachung<\/p>\n","protected":false},"excerpt":{"rendered":"<p>Staatstheater Wiesbaden Grosses Haus, Erneuerung Tonregie Die Tonregie und die Verst\u00e4rkerzentrale wurde im Jahr 2001 grundlegend erneuert. Ein digitales Verteilsystem mit integriertem Mischpult und Saalpult bietet sehr flexible Anwendungsm\u00f6glichkeiten. Das Abh\u00f6rsystem in der Regie ist f\u00fcr Surroundmischungen (5.1) ausgelegt. Die neu installierten Leistungsverst\u00e4rker f\u00fcr die Beschallung sind ferngesteuert und werden \u00fcber DSP-Module (EQ, Delay, Limiter) &hellip; <a href=\"https:\/\/avconsult-web.de\/?page_id=57\" class=\"more-link\"><span class=\"screen-reader-text\">Staatstheater Wiesbaden Gro\u00dfes Haus<\/span> weiterlesen<\/a><\/p>\n","protected":false},"author":1,"featured_media":0,"parent":0,"menu_order":0,"comment_status":"closed","ping_status":"closed","template":"","meta":[],"_links":{"self":[{"href":"https:\/\/avconsult-web.de\/index.php?rest_route=\/wp\/v2\/pages\/57"}],"collection":[{"href":"https:\/\/avconsult-web.de\/index.php?rest_route=\/wp\/v2\/pages"}],"about":[{"href":"https:\/\/avconsult-web.de\/index.php?rest_route=\/wp\/v2\/types\/page"}],"author":[{"embeddable":true,"href":"https:\/\/avconsult-web.de\/index.php?rest_route=\/wp\/v2\/users\/1"}],"replies":[{"embeddable":true,"href":"https:\/\/avconsult-web.de\/index.php?rest_route=%2Fwp%2Fv2%2Fcomments&post=57"}],"version-history":[{"count":2,"href":"https:\/\/avconsult-web.de\/index.php?rest_route=\/wp\/v2\/pages\/57\/revisions"}],"predecessor-version":[{"id":159,"href":"https:\/\/avconsult-web.de\/index.php?rest_route=\/wp\/v2\/pages\/57\/revisions\/159"}],"wp:attachment":[{"href":"https:\/\/avconsult-web.de\/index.php?rest_route=%2Fwp%2Fv2%2Fmedia&parent=57"}],"curies":[{"name":"wp","href":"https:\/\/api.w.org\/{rel}","templated":true}]}}