{"id":60,"date":"2016-11-06T17:12:47","date_gmt":"2016-11-06T17:12:47","guid":{"rendered":"http:\/\/avconsult-web.de\/?page_id=60"},"modified":"2016-11-06T20:43:58","modified_gmt":"2016-11-06T20:43:58","slug":"staatstheater-wiesbaden-kleines-haus","status":"publish","type":"page","link":"https:\/\/avconsult-web.de\/?page_id=60","title":{"rendered":"Staatstheater Wiesbaden Kleines Haus"},"content":{"rendered":"<p><img decoding=\"async\" loading=\"lazy\" class=\"alignnone wp-image-62\" src=\"http:\/\/avconsult-web.de\/wp-content\/uploads\/2016\/11\/WI-STW-aussen-300x169.jpg\" alt=\"wi-stw-aussen\" width=\"593\" height=\"334\" srcset=\"https:\/\/avconsult-web.de\/wp-content\/uploads\/2016\/11\/WI-STW-aussen-300x169.jpg 300w, https:\/\/avconsult-web.de\/wp-content\/uploads\/2016\/11\/WI-STW-aussen-768x432.jpg 768w, https:\/\/avconsult-web.de\/wp-content\/uploads\/2016\/11\/WI-STW-aussen-1024x577.jpg 1024w\" sizes=\"(max-width: 593px) 100vw, 593px\" \/><\/p>\n<p>Staatstheater Wiesbaden Kleines Haus und Studiob\u00fchne, Erneuerung ELA-Anlage, 2002<\/p>\n<p>Im Kleinen Haus wurde der Zuschauerraum neu gestaltet und damit war auch eine Neukonzeptionierung der Portal- und der Zuschauerraumbeschallung erforderlich. Die gesamte Beschallung inclusive B\u00fchnenbereich wurde erneuert. Dabei kommen sowohl niederohmige als auch 100V-Systeme zum Einsatz (Syrincs, Kling&amp;Freitag). Die Tonregie wurde \u00e4hnlich dem Grossen Haus mit digitaler Technik und Drahtlosanlagen ausgestattet. Das digitale Saalmischpult kann auch hier angeschlossen werden. Die Anbindung an die anderen Spielst\u00e4tten und das Produktionsstudio erfolgt mit glasfaserbasierten MADI-Verbindungen.<\/p>\n<p>In der Studiob\u00fchne wurde die Tonregie r\u00e4umlich verlagert und v\u00f6llig neu aufgebaut. Digitales Verteilsystem, Mischpult und Anschluss f\u00fcr Saalpult sind von gleicher Struktur wie in den anderen Spielst\u00e4tten. Die komplette Beschallung wurde mit niederohmigen Systemen erneuert.<\/p>\n<p>Leistungsphasen: M+W-Planung, Bau\u00fcberwachung<\/p>\n","protected":false},"excerpt":{"rendered":"<p>Staatstheater Wiesbaden Kleines Haus und Studiob\u00fchne, Erneuerung ELA-Anlage, 2002 Im Kleinen Haus wurde der Zuschauerraum neu gestaltet und damit war auch eine Neukonzeptionierung der Portal- und der Zuschauerraumbeschallung erforderlich. Die gesamte Beschallung inclusive B\u00fchnenbereich wurde erneuert. Dabei kommen sowohl niederohmige als auch 100V-Systeme zum Einsatz (Syrincs, Kling&amp;Freitag). Die Tonregie wurde \u00e4hnlich dem Grossen Haus mit &hellip; <a href=\"https:\/\/avconsult-web.de\/?page_id=60\" class=\"more-link\"><span class=\"screen-reader-text\">Staatstheater Wiesbaden Kleines Haus<\/span> weiterlesen<\/a><\/p>\n","protected":false},"author":1,"featured_media":0,"parent":0,"menu_order":0,"comment_status":"closed","ping_status":"closed","template":"","meta":[],"_links":{"self":[{"href":"https:\/\/avconsult-web.de\/index.php?rest_route=\/wp\/v2\/pages\/60"}],"collection":[{"href":"https:\/\/avconsult-web.de\/index.php?rest_route=\/wp\/v2\/pages"}],"about":[{"href":"https:\/\/avconsult-web.de\/index.php?rest_route=\/wp\/v2\/types\/page"}],"author":[{"embeddable":true,"href":"https:\/\/avconsult-web.de\/index.php?rest_route=\/wp\/v2\/users\/1"}],"replies":[{"embeddable":true,"href":"https:\/\/avconsult-web.de\/index.php?rest_route=%2Fwp%2Fv2%2Fcomments&post=60"}],"version-history":[{"count":2,"href":"https:\/\/avconsult-web.de\/index.php?rest_route=\/wp\/v2\/pages\/60\/revisions"}],"predecessor-version":[{"id":162,"href":"https:\/\/avconsult-web.de\/index.php?rest_route=\/wp\/v2\/pages\/60\/revisions\/162"}],"wp:attachment":[{"href":"https:\/\/avconsult-web.de\/index.php?rest_route=%2Fwp%2Fv2%2Fmedia&parent=60"}],"curies":[{"name":"wp","href":"https:\/\/api.w.org\/{rel}","templated":true}]}}