{"id":70,"date":"2016-11-06T17:17:20","date_gmt":"2016-11-06T17:17:20","guid":{"rendered":"http:\/\/avconsult-web.de\/?page_id=70"},"modified":"2016-11-06T20:45:10","modified_gmt":"2016-11-06T20:45:10","slug":"theater-winterthur","status":"publish","type":"page","link":"https:\/\/avconsult-web.de\/?page_id=70","title":{"rendered":"Theater Winterthur"},"content":{"rendered":"<p><img decoding=\"async\" loading=\"lazy\" class=\" wp-image-71\" src=\"http:\/\/avconsult-web.de\/wp-content\/uploads\/2016\/11\/Wthur-Nacht-300x204.jpg\" alt=\"Theater Winterthur am Stadtgarten September 2003\" width=\"447\" height=\"304\" srcset=\"https:\/\/avconsult-web.de\/wp-content\/uploads\/2016\/11\/Wthur-Nacht-300x204.jpg 300w, https:\/\/avconsult-web.de\/wp-content\/uploads\/2016\/11\/Wthur-Nacht.jpg 624w\" sizes=\"(max-width: 447px) 100vw, 447px\" \/><\/p>\n<p>Theater am Stadtgarten Winterthur, Erneuerung Ton\/Video\/Inspizientenanlage<\/p>\n<p>Das Theater ist eines der gr\u00f6\u00dften Gastspielh\u00e4user der Schweiz. Universelle Verwendbarkeit und einfacher Zugriff sind f\u00fcr dieses Haus sehr wichtige Aspekte.<\/p>\n<p>Die komplette Audio\/Video- und Inspiziententechnik sowie die Videoanlage wurde 2005 erneuert. Neben neuer digitaler Audiotechnik wurde auch das Kabelnetz erweitert und ert\u00fcchtigt, um f\u00fcr Gastensembles alle M\u00f6glichkeiten zu bieten.<\/p>\n<p>Es wurden digitale Mischpulte f\u00fcr die Tonloge und den Saalregieplatz beschafft, die \u00fcber eine digitale Vernetzung mit den B\u00fchnenanschlusspunkten verbunden sind. F\u00fcr einfache Probensituationen sind auch Zuspielungen ohne techn. Personal m\u00f6glich. \u00dcber einen speziell programmierten Signalprozessor k\u00f6nnen all diese Anwendungen komfortabel verwaltet werden.<\/p>\n<p>Die Ruf\/Mith\u00f6r- und Inspizientenanlage ist mit einem integrierten System realisiert worden, das auch Alarmierungsfunktionen \u00fcbernimmt. Das Inspizientenpult wurde entsprechend den Anforderungen eines Gastspieltheaters \u00fcbersichtlich und einfach bedienbar konzipiert.<\/p>\n<p>Leistungsphasen: Planung, Ausschreibung, Vergabe, Bau\u00fcberwachung<\/p>\n","protected":false},"excerpt":{"rendered":"<p>Theater am Stadtgarten Winterthur, Erneuerung Ton\/Video\/Inspizientenanlage Das Theater ist eines der gr\u00f6\u00dften Gastspielh\u00e4user der Schweiz. Universelle Verwendbarkeit und einfacher Zugriff sind f\u00fcr dieses Haus sehr wichtige Aspekte. Die komplette Audio\/Video- und Inspiziententechnik sowie die Videoanlage wurde 2005 erneuert. Neben neuer digitaler Audiotechnik wurde auch das Kabelnetz erweitert und ert\u00fcchtigt, um f\u00fcr Gastensembles alle M\u00f6glichkeiten zu &hellip; <a href=\"https:\/\/avconsult-web.de\/?page_id=70\" class=\"more-link\"><span class=\"screen-reader-text\">Theater Winterthur<\/span> weiterlesen<\/a><\/p>\n","protected":false},"author":1,"featured_media":0,"parent":0,"menu_order":0,"comment_status":"closed","ping_status":"closed","template":"","meta":[],"_links":{"self":[{"href":"https:\/\/avconsult-web.de\/index.php?rest_route=\/wp\/v2\/pages\/70"}],"collection":[{"href":"https:\/\/avconsult-web.de\/index.php?rest_route=\/wp\/v2\/pages"}],"about":[{"href":"https:\/\/avconsult-web.de\/index.php?rest_route=\/wp\/v2\/types\/page"}],"author":[{"embeddable":true,"href":"https:\/\/avconsult-web.de\/index.php?rest_route=\/wp\/v2\/users\/1"}],"replies":[{"embeddable":true,"href":"https:\/\/avconsult-web.de\/index.php?rest_route=%2Fwp%2Fv2%2Fcomments&post=70"}],"version-history":[{"count":4,"href":"https:\/\/avconsult-web.de\/index.php?rest_route=\/wp\/v2\/pages\/70\/revisions"}],"predecessor-version":[{"id":165,"href":"https:\/\/avconsult-web.de\/index.php?rest_route=\/wp\/v2\/pages\/70\/revisions\/165"}],"wp:attachment":[{"href":"https:\/\/avconsult-web.de\/index.php?rest_route=%2Fwp%2Fv2%2Fmedia&parent=70"}],"curies":[{"name":"wp","href":"https:\/\/api.w.org\/{rel}","templated":true}]}}