{"id":73,"date":"2016-11-06T17:18:54","date_gmt":"2016-11-06T17:18:54","guid":{"rendered":"http:\/\/avconsult-web.de\/?page_id=73"},"modified":"2016-11-06T17:18:54","modified_gmt":"2016-11-06T17:18:54","slug":"stadttheater-bern-konzeptstudie","status":"publish","type":"page","link":"https:\/\/avconsult-web.de\/?page_id=73","title":{"rendered":"Stadttheater Bern, Konzeptstudie"},"content":{"rendered":"<p><img decoding=\"async\" loading=\"lazy\" class=\"alignnone size-medium wp-image-32\" src=\"http:\/\/avconsult-web.de\/wp-content\/uploads\/2016\/11\/bern_aussen1-300x207.jpg\" alt=\"bern_aussen1\" width=\"300\" height=\"207\" srcset=\"https:\/\/avconsult-web.de\/wp-content\/uploads\/2016\/11\/bern_aussen1-300x207.jpg 300w, https:\/\/avconsult-web.de\/wp-content\/uploads\/2016\/11\/bern_aussen1.jpg 369w\" sizes=\"(max-width: 300px) 100vw, 300px\" \/><\/p>\n<p>Stadttheater Bern 2005\/2006, Bestandsaufnahme und Konzeption Videoanlage<\/p>\n<p>Aufgrund der steigenden Bedeutung der Videotechnik f\u00fcr den k\u00fcnstlerischen Einsatz im Theater hat das Stadttheater Bern bei AV consult eine Bestandsaufnahme der Videoanlage sowie ein Konzept f\u00fcr eine zeitgem\u00e4\u00dfe und zukunfstsichere Videoinstallation in Auftrag gegeben.<\/p>\n<p>In diesem Zusammenhang hat AV consult in den Jahren 2005\/2006 zus\u00e4tzlich eine Bestandsaufnahme der gesamten Ton- und Inspizientenanlage erstellt, in der auch technisch und wirtschaftlich sinnvolle Erweiterungen der Anlagen vorgeschlagen wurden.<\/p>\n","protected":false},"excerpt":{"rendered":"<p>Stadttheater Bern 2005\/2006, Bestandsaufnahme und Konzeption Videoanlage Aufgrund der steigenden Bedeutung der Videotechnik f\u00fcr den k\u00fcnstlerischen Einsatz im Theater hat das Stadttheater Bern bei AV consult eine Bestandsaufnahme der Videoanlage sowie ein Konzept f\u00fcr eine zeitgem\u00e4\u00dfe und zukunfstsichere Videoinstallation in Auftrag gegeben. In diesem Zusammenhang hat AV consult in den Jahren 2005\/2006 zus\u00e4tzlich eine Bestandsaufnahme &hellip; <a href=\"https:\/\/avconsult-web.de\/?page_id=73\" class=\"more-link\"><span class=\"screen-reader-text\">Stadttheater Bern, Konzeptstudie<\/span> weiterlesen<\/a><\/p>\n","protected":false},"author":1,"featured_media":0,"parent":0,"menu_order":0,"comment_status":"closed","ping_status":"closed","template":"","meta":[],"_links":{"self":[{"href":"https:\/\/avconsult-web.de\/index.php?rest_route=\/wp\/v2\/pages\/73"}],"collection":[{"href":"https:\/\/avconsult-web.de\/index.php?rest_route=\/wp\/v2\/pages"}],"about":[{"href":"https:\/\/avconsult-web.de\/index.php?rest_route=\/wp\/v2\/types\/page"}],"author":[{"embeddable":true,"href":"https:\/\/avconsult-web.de\/index.php?rest_route=\/wp\/v2\/users\/1"}],"replies":[{"embeddable":true,"href":"https:\/\/avconsult-web.de\/index.php?rest_route=%2Fwp%2Fv2%2Fcomments&post=73"}],"version-history":[{"count":1,"href":"https:\/\/avconsult-web.de\/index.php?rest_route=\/wp\/v2\/pages\/73\/revisions"}],"predecessor-version":[{"id":74,"href":"https:\/\/avconsult-web.de\/index.php?rest_route=\/wp\/v2\/pages\/73\/revisions\/74"}],"wp:attachment":[{"href":"https:\/\/avconsult-web.de\/index.php?rest_route=%2Fwp%2Fv2%2Fmedia&parent=73"}],"curies":[{"name":"wp","href":"https:\/\/api.w.org\/{rel}","templated":true}]}}