{"id":77,"date":"2016-11-06T17:21:50","date_gmt":"2016-11-06T17:21:50","guid":{"rendered":"http:\/\/avconsult-web.de\/?page_id=77"},"modified":"2016-11-06T19:03:25","modified_gmt":"2016-11-06T19:03:25","slug":"zhdk-zuerich-tonstudiocluster","status":"publish","type":"page","link":"https:\/\/avconsult-web.de\/?page_id=77","title":{"rendered":"ZHdK Z\u00fcrich, Tonstudiocluster"},"content":{"rendered":"<p><img decoding=\"async\" loading=\"lazy\" class=\"alignnone wp-image-78\" src=\"http:\/\/avconsult-web.de\/wp-content\/uploads\/2016\/11\/ZHdK-Toni-aussen-169x300.jpg\" alt=\"zhdk-toni-aussen\" width=\"264\" height=\"469\" srcset=\"https:\/\/avconsult-web.de\/wp-content\/uploads\/2016\/11\/ZHdK-Toni-aussen-169x300.jpg 169w, https:\/\/avconsult-web.de\/wp-content\/uploads\/2016\/11\/ZHdK-Toni-aussen-768x1364.jpg 768w, https:\/\/avconsult-web.de\/wp-content\/uploads\/2016\/11\/ZHdK-Toni-aussen-577x1024.jpg 577w, https:\/\/avconsult-web.de\/wp-content\/uploads\/2016\/11\/ZHdK-Toni-aussen.jpg 2000w\" sizes=\"(max-width: 264px) 100vw, 264px\" \/><\/p>\n<p>ZHdK Z\u00fcrich, Studiokonzeption<\/p>\n<p>Die ZHdK (Z\u00fcrcher Hochschule der K\u00fcnste) hat 2014 ein neues Domizil im ehemaligen Toni-Areal bezogen. Dort ist f\u00fcr die Tonmeisterausbildung ein &#8222;Tonstudiocluster&#8220; mit mehreren vernetzten Aufnahme- und Regier\u00e4umen entstanden. Daneben gibt es zahlreiche Konzerts\u00e4le mit tontechnischer Ausstattung.<\/p>\n<p>AV consult war beauftragt, die technischen Konzepte mitzuentwickeln, und hat den Planungsprozess bis zur Vergabe begleitet.<\/p>\n<p>Leistungsphasen: Vor- und Entwurfsplanung, Ausf\u00fchrungsplanung, Ausschreibung, Vergabe<\/p>\n","protected":false},"excerpt":{"rendered":"<p>ZHdK Z\u00fcrich, Studiokonzeption Die ZHdK (Z\u00fcrcher Hochschule der K\u00fcnste) hat 2014 ein neues Domizil im ehemaligen Toni-Areal bezogen. Dort ist f\u00fcr die Tonmeisterausbildung ein &#8222;Tonstudiocluster&#8220; mit mehreren vernetzten Aufnahme- und Regier\u00e4umen entstanden. Daneben gibt es zahlreiche Konzerts\u00e4le mit tontechnischer Ausstattung. AV consult war beauftragt, die technischen Konzepte mitzuentwickeln, und hat den Planungsprozess bis zur Vergabe &hellip; <a href=\"https:\/\/avconsult-web.de\/?page_id=77\" class=\"more-link\"><span class=\"screen-reader-text\">ZHdK Z\u00fcrich, Tonstudiocluster<\/span> weiterlesen<\/a><\/p>\n","protected":false},"author":1,"featured_media":0,"parent":0,"menu_order":0,"comment_status":"closed","ping_status":"closed","template":"","meta":[],"_links":{"self":[{"href":"https:\/\/avconsult-web.de\/index.php?rest_route=\/wp\/v2\/pages\/77"}],"collection":[{"href":"https:\/\/avconsult-web.de\/index.php?rest_route=\/wp\/v2\/pages"}],"about":[{"href":"https:\/\/avconsult-web.de\/index.php?rest_route=\/wp\/v2\/types\/page"}],"author":[{"embeddable":true,"href":"https:\/\/avconsult-web.de\/index.php?rest_route=\/wp\/v2\/users\/1"}],"replies":[{"embeddable":true,"href":"https:\/\/avconsult-web.de\/index.php?rest_route=%2Fwp%2Fv2%2Fcomments&post=77"}],"version-history":[{"count":3,"href":"https:\/\/avconsult-web.de\/index.php?rest_route=\/wp\/v2\/pages\/77\/revisions"}],"predecessor-version":[{"id":135,"href":"https:\/\/avconsult-web.de\/index.php?rest_route=\/wp\/v2\/pages\/77\/revisions\/135"}],"wp:attachment":[{"href":"https:\/\/avconsult-web.de\/index.php?rest_route=%2Fwp%2Fv2%2Fmedia&parent=77"}],"curies":[{"name":"wp","href":"https:\/\/api.w.org\/{rel}","templated":true}]}}