{"id":85,"date":"2016-11-06T17:25:53","date_gmt":"2016-11-06T17:25:53","guid":{"rendered":"http:\/\/avconsult-web.de\/?page_id=85"},"modified":"2016-11-06T17:25:53","modified_gmt":"2016-11-06T17:25:53","slug":"stadttheater-bern-beschallungs-und-mithoeranlage","status":"publish","type":"page","link":"https:\/\/avconsult-web.de\/?page_id=85","title":{"rendered":"Stadttheater Bern, Beschallungs- und Mith\u00f6ranlage"},"content":{"rendered":"<p><img decoding=\"async\" loading=\"lazy\" class=\"alignnone  wp-image-86\" src=\"http:\/\/avconsult-web.de\/wp-content\/uploads\/2016\/11\/Bern_tonregie1-300x192.jpg\" alt=\"bern_tonregie1\" width=\"458\" height=\"293\" srcset=\"https:\/\/avconsult-web.de\/wp-content\/uploads\/2016\/11\/Bern_tonregie1-300x192.jpg 300w, https:\/\/avconsult-web.de\/wp-content\/uploads\/2016\/11\/Bern_tonregie1.jpg 398w\" sizes=\"(max-width: 458px) 100vw, 458px\" \/><\/p>\n<p>Stadttheater Bern, Beschallungsanlage und Mith\u00f6ranlage<\/p>\n<p>Die Beschallungsanlage wurde 2008 mit einem vernetzten Controllersystem auf Basis des Stagetec Nexus-Systems ausger\u00fcstet. Die Planung und Programmierung der Anlage wurde von AV consult vorgenommen, ebenso die messtechnische Einrichtung und \u00dcberpr\u00fcfung.<\/p>\n<p>Die Mith\u00f6ranlage wurde 2010 erneuert. AV consult hat die Programmierung des digitalen Signalprozessorsystems und die Anbindung an das bestehende Audioverteilsystem betreut und in enger Abstimmung mit den Anwendern eine flexible und vielseitige L\u00f6sung realisiert.<\/p>\n","protected":false},"excerpt":{"rendered":"<p>Stadttheater Bern, Beschallungsanlage und Mith\u00f6ranlage Die Beschallungsanlage wurde 2008 mit einem vernetzten Controllersystem auf Basis des Stagetec Nexus-Systems ausger\u00fcstet. Die Planung und Programmierung der Anlage wurde von AV consult vorgenommen, ebenso die messtechnische Einrichtung und \u00dcberpr\u00fcfung. Die Mith\u00f6ranlage wurde 2010 erneuert. AV consult hat die Programmierung des digitalen Signalprozessorsystems und die Anbindung an das bestehende &hellip; <a href=\"https:\/\/avconsult-web.de\/?page_id=85\" class=\"more-link\"><span class=\"screen-reader-text\">Stadttheater Bern, Beschallungs- und Mith\u00f6ranlage<\/span> weiterlesen<\/a><\/p>\n","protected":false},"author":1,"featured_media":0,"parent":0,"menu_order":0,"comment_status":"closed","ping_status":"closed","template":"","meta":[],"_links":{"self":[{"href":"https:\/\/avconsult-web.de\/index.php?rest_route=\/wp\/v2\/pages\/85"}],"collection":[{"href":"https:\/\/avconsult-web.de\/index.php?rest_route=\/wp\/v2\/pages"}],"about":[{"href":"https:\/\/avconsult-web.de\/index.php?rest_route=\/wp\/v2\/types\/page"}],"author":[{"embeddable":true,"href":"https:\/\/avconsult-web.de\/index.php?rest_route=\/wp\/v2\/users\/1"}],"replies":[{"embeddable":true,"href":"https:\/\/avconsult-web.de\/index.php?rest_route=%2Fwp%2Fv2%2Fcomments&post=85"}],"version-history":[{"count":1,"href":"https:\/\/avconsult-web.de\/index.php?rest_route=\/wp\/v2\/pages\/85\/revisions"}],"predecessor-version":[{"id":87,"href":"https:\/\/avconsult-web.de\/index.php?rest_route=\/wp\/v2\/pages\/85\/revisions\/87"}],"wp:attachment":[{"href":"https:\/\/avconsult-web.de\/index.php?rest_route=%2Fwp%2Fv2%2Fmedia&parent=85"}],"curies":[{"name":"wp","href":"https:\/\/api.w.org\/{rel}","templated":true}]}}