{"id":88,"date":"2016-11-06T17:26:58","date_gmt":"2016-11-06T17:26:58","guid":{"rendered":"http:\/\/avconsult-web.de\/?page_id=88"},"modified":"2016-11-06T20:45:49","modified_gmt":"2016-11-06T20:45:49","slug":"theater-winterthur-videoanlage","status":"publish","type":"page","link":"https:\/\/avconsult-web.de\/?page_id=88","title":{"rendered":"Theater Winterthur, Videoanlage"},"content":{"rendered":"<p><img decoding=\"async\" loading=\"lazy\" class=\" wp-image-71\" src=\"http:\/\/avconsult-web.de\/wp-content\/uploads\/2016\/11\/Wthur-Nacht-300x204.jpg\" alt=\"Theater Winterthur am Stadtgarten September 2003\" width=\"418\" height=\"284\" srcset=\"https:\/\/avconsult-web.de\/wp-content\/uploads\/2016\/11\/Wthur-Nacht-300x204.jpg 300w, https:\/\/avconsult-web.de\/wp-content\/uploads\/2016\/11\/Wthur-Nacht.jpg 624w\" sizes=\"(max-width: 418px) 100vw, 418px\" \/><\/p>\n<p>Theater Winterthur, Videoanlage<\/p>\n<p>Im Theater wurde 2009 die Infrastruktur f\u00fcr eine szenisch einsetzbare Videoanlage installiert, die von AV consult geplant und in der Ausf\u00fchrung \u00fcberwacht worden ist.<\/p>\n<p>Die Anlage ist so ausgelegt, dass alle Signalformate von analogem Videosignal \u00fcber RGBHV bis hin zu digitalen High-Definition-Signalen \u00fcber Kupferleitungen und Glasfaserkabel verarbeitet werden k\u00f6nnen.<\/p>\n<p>Im Zusammenspiel mit den neu beschafften Hochleistungsprojektoren k\u00f6nnen eindrucksvolle visuelle Eindr\u00fccke vermittelt werden.<\/p>\n<p>Leistungsphasen: Planung, Ausschreibung, Vergabe, Bau\u00fcberwachung<\/p>\n","protected":false},"excerpt":{"rendered":"<p>Theater Winterthur, Videoanlage Im Theater wurde 2009 die Infrastruktur f\u00fcr eine szenisch einsetzbare Videoanlage installiert, die von AV consult geplant und in der Ausf\u00fchrung \u00fcberwacht worden ist. Die Anlage ist so ausgelegt, dass alle Signalformate von analogem Videosignal \u00fcber RGBHV bis hin zu digitalen High-Definition-Signalen \u00fcber Kupferleitungen und Glasfaserkabel verarbeitet werden k\u00f6nnen. Im Zusammenspiel mit &hellip; <a href=\"https:\/\/avconsult-web.de\/?page_id=88\" class=\"more-link\"><span class=\"screen-reader-text\">Theater Winterthur, Videoanlage<\/span> weiterlesen<\/a><\/p>\n","protected":false},"author":1,"featured_media":0,"parent":0,"menu_order":0,"comment_status":"closed","ping_status":"closed","template":"","meta":[],"_links":{"self":[{"href":"https:\/\/avconsult-web.de\/index.php?rest_route=\/wp\/v2\/pages\/88"}],"collection":[{"href":"https:\/\/avconsult-web.de\/index.php?rest_route=\/wp\/v2\/pages"}],"about":[{"href":"https:\/\/avconsult-web.de\/index.php?rest_route=\/wp\/v2\/types\/page"}],"author":[{"embeddable":true,"href":"https:\/\/avconsult-web.de\/index.php?rest_route=\/wp\/v2\/users\/1"}],"replies":[{"embeddable":true,"href":"https:\/\/avconsult-web.de\/index.php?rest_route=%2Fwp%2Fv2%2Fcomments&post=88"}],"version-history":[{"count":2,"href":"https:\/\/avconsult-web.de\/index.php?rest_route=\/wp\/v2\/pages\/88\/revisions"}],"predecessor-version":[{"id":166,"href":"https:\/\/avconsult-web.de\/index.php?rest_route=\/wp\/v2\/pages\/88\/revisions\/166"}],"wp:attachment":[{"href":"https:\/\/avconsult-web.de\/index.php?rest_route=%2Fwp%2Fv2%2Fmedia&parent=88"}],"curies":[{"name":"wp","href":"https:\/\/api.w.org\/{rel}","templated":true}]}}