{"id":90,"date":"2016-11-06T17:31:17","date_gmt":"2016-11-06T17:31:17","guid":{"rendered":"http:\/\/avconsult-web.de\/?page_id=90"},"modified":"2016-11-06T17:31:17","modified_gmt":"2016-11-06T17:31:17","slug":"hochschule-fuer-musik-muenchen","status":"publish","type":"page","link":"https:\/\/avconsult-web.de\/?page_id=90","title":{"rendered":"Hochschule f\u00fcr Musik M\u00fcnchen"},"content":{"rendered":"<p><img decoding=\"async\" loading=\"lazy\" class=\"alignnone  wp-image-91\" src=\"http:\/\/avconsult-web.de\/wp-content\/uploads\/2016\/11\/luisen1-225x300.jpg\" alt=\"luisen1\" width=\"350\" height=\"467\" srcset=\"https:\/\/avconsult-web.de\/wp-content\/uploads\/2016\/11\/luisen1-225x300.jpg 225w, https:\/\/avconsult-web.de\/wp-content\/uploads\/2016\/11\/luisen1-768x1024.jpg 768w, https:\/\/avconsult-web.de\/wp-content\/uploads\/2016\/11\/luisen1.jpg 1200w\" sizes=\"(max-width: 350px) 100vw, 350px\" \/><\/p>\n<p>Hochschule f\u00fcr Musik M\u00fcnchen, AV-Anlage Luisenstr.<\/p>\n<p>Die Hochschule f\u00fcr Musik und Theater in M\u00fcnchen (HfMT) hat in der Luisenstra\u00dfe ein Geb\u00e4ude \u00fcbernommen, das fr\u00fcher als Reaktorhalle f\u00fcr die Technische Universit\u00e4t M\u00fcnchen geplant worden war.<\/p>\n<p>In dem denkmalgesch\u00fctzten Bau werden Konzert- und Theaterauff\u00fchrungen durchgef\u00fchrt, au\u00dferdem befindet sich in diesem Geb\u00e4ude auch das Carl-Orff-Auditorium, das u.a. als Auff\u00fchrungsort f\u00fcr Neue und Elektronische Musik dient. Der Standort Luisenstra\u00dfe wurde seit 2007 grundlegend saniert und umgebaut.<\/p>\n<p>Durch finanzielle Unterst\u00fctzung des Freistaats Bayern konnte eine leistungsf\u00e4hige Audio\/Video-Anlage realisiert werden, die f\u00fcr den Unterrichts-, Proben- und Vorstellungsbetrieb genutzt wird.<\/p>\n<p>Leistungsphasen: Vor- und Entwurfsplanung, Ausschreibung, Vergabe<\/p>\n","protected":false},"excerpt":{"rendered":"<p>Hochschule f\u00fcr Musik M\u00fcnchen, AV-Anlage Luisenstr. Die Hochschule f\u00fcr Musik und Theater in M\u00fcnchen (HfMT) hat in der Luisenstra\u00dfe ein Geb\u00e4ude \u00fcbernommen, das fr\u00fcher als Reaktorhalle f\u00fcr die Technische Universit\u00e4t M\u00fcnchen geplant worden war. In dem denkmalgesch\u00fctzten Bau werden Konzert- und Theaterauff\u00fchrungen durchgef\u00fchrt, au\u00dferdem befindet sich in diesem Geb\u00e4ude auch das Carl-Orff-Auditorium, das u.a. als &hellip; <a href=\"https:\/\/avconsult-web.de\/?page_id=90\" class=\"more-link\"><span class=\"screen-reader-text\">Hochschule f\u00fcr Musik M\u00fcnchen<\/span> weiterlesen<\/a><\/p>\n","protected":false},"author":1,"featured_media":0,"parent":0,"menu_order":0,"comment_status":"closed","ping_status":"closed","template":"","meta":[],"_links":{"self":[{"href":"https:\/\/avconsult-web.de\/index.php?rest_route=\/wp\/v2\/pages\/90"}],"collection":[{"href":"https:\/\/avconsult-web.de\/index.php?rest_route=\/wp\/v2\/pages"}],"about":[{"href":"https:\/\/avconsult-web.de\/index.php?rest_route=\/wp\/v2\/types\/page"}],"author":[{"embeddable":true,"href":"https:\/\/avconsult-web.de\/index.php?rest_route=\/wp\/v2\/users\/1"}],"replies":[{"embeddable":true,"href":"https:\/\/avconsult-web.de\/index.php?rest_route=%2Fwp%2Fv2%2Fcomments&post=90"}],"version-history":[{"count":1,"href":"https:\/\/avconsult-web.de\/index.php?rest_route=\/wp\/v2\/pages\/90\/revisions"}],"predecessor-version":[{"id":92,"href":"https:\/\/avconsult-web.de\/index.php?rest_route=\/wp\/v2\/pages\/90\/revisions\/92"}],"wp:attachment":[{"href":"https:\/\/avconsult-web.de\/index.php?rest_route=%2Fwp%2Fv2%2Fmedia&parent=90"}],"curies":[{"name":"wp","href":"https:\/\/api.w.org\/{rel}","templated":true}]}}